{"id":939,"date":"2019-04-12T06:16:05","date_gmt":"2019-04-12T06:16:05","guid":{"rendered":"http:\/\/www.mojemedunka.cz\/?page_id=939"},"modified":"2019-04-12T08:31:52","modified_gmt":"2019-04-12T08:31:52","slug":"kalendar-akci","status":"publish","type":"page","link":"https:\/\/www.mojemedunka.cz\/index.php\/kalendar-akci\/","title":{"rendered":"Kalend\u00e1\u0159 akc\u00ed"},"content":{"rendered":"<p style=\"text-align: center;\"><a href=\"https:\/\/calendar.google.com\/calendar\/embed?src=0e4l7li04dlc6804h6740mj9oc%40group.calendar.google.com&amp;ctz=Europe%2FPrague\" target=\"_blank\" rel=\"noopener\">Kalend\u00e1\u0159<\/a><\/p>\n<p><center><iframe loading=\"lazy\" style=\"border-width: 0;\" src=\"https:\/\/calendar.google.com\/calendar\/embed?showTitle=0&amp;showPrint=0&amp;showTabs=0&amp;showCalendars=0&amp;showTz=0&amp;height=600&amp;wkst=2&amp;hl=cs&amp;bgcolor=%23ffffff&amp;src=0e4l7li04dlc6804h6740mj9oc%40group.calendar.google.com&amp;color=%23711616&amp;ctz=Europe%2FPrague\" width=\"800\" height=\"600\" frameborder=\"0\" scrolling=\"no\"><\/iframe><\/center><\/p>\n","protected":false},"excerpt":{"rendered":"<p>Kalend\u00e1\u0159<\/p>\n","protected":false},"author":1,"featured_media":0,"parent":0,"menu_order":0,"comment_status":"closed","ping_status":"closed","template":"","meta":{"footnotes":""},"class_list":["post-939","page","type-page","status-publish","hentry"],"acf":[],"_links":{"self":[{"href":"https:\/\/www.mojemedunka.cz\/index.php\/wp-json\/wp\/v2\/pages\/939","targetHints":{"allow":["GET"]}}],"collection":[{"href":"https:\/\/www.mojemedunka.cz\/index.php\/wp-json\/wp\/v2\/pages"}],"about":[{"href":"https:\/\/www.mojemedunka.cz\/index.php\/wp-json\/wp\/v2\/types\/page"}],"author":[{"embeddable":true,"href":"https:\/\/www.mojemedunka.cz\/index.php\/wp-json\/wp\/v2\/users\/1"}],"replies":[{"embeddable":true,"href":"https:\/\/www.mojemedunka.cz\/index.php\/wp-json\/wp\/v2\/comments?post=939"}],"version-history":[{"count":5,"href":"https:\/\/www.mojemedunka.cz\/index.php\/wp-json\/wp\/v2\/pages\/939\/revisions"}],"predecessor-version":[{"id":950,"href":"https:\/\/www.mojemedunka.cz\/index.php\/wp-json\/wp\/v2\/pages\/939\/revisions\/950"}],"wp:attachment":[{"href":"https:\/\/www.mojemedunka.cz\/index.php\/wp-json\/wp\/v2\/media?parent=939"}],"curies":[{"name":"wp","href":"https:\/\/api.w.org\/{rel}","templated":true}]}}